{"id":1239,"date":"2025-08-21T18:35:55","date_gmt":"2025-08-21T18:35:55","guid":{"rendered":"https:\/\/synergy-pros.com\/?page_id=1239"},"modified":"2025-08-21T18:37:39","modified_gmt":"2025-08-21T18:37:39","slug":"empleo-artes-graficas-en-chicago","status":"publish","type":"page","link":"https:\/\/synergy-pros.com\/es\/graphic-arts-jobs-in-chicago\/","title":{"rendered":"Artes gr\u00e1ficas Empleo"},"content":{"rendered":"<div data-elementor-type=\"wp-page\" data-elementor-id=\"1239\" class=\"elementor elementor-1239\" data-elementor-post-type=\"page\">\n\t\t\t\t<div class=\"elementor-element elementor-element-8b13f43 top-banner e-flex e-con-boxed e-con e-parent\" data-id=\"8b13f43\" data-element_type=\"container\" data-e-type=\"container\" data-settings=\"{&quot;background_background&quot;:&quot;classic&quot;}\">\n\t\t\t\t\t<div class=\"e-con-inner\">\n\t\t<div class=\"elementor-element elementor-element-e0dd031 e-con-full elementor-hidden-mobile e-flex e-con e-child\" data-id=\"e0dd031\" data-element_type=\"container\" data-e-type=\"container\">\n\t\t\t\t<\/div>\n\t\t<div class=\"elementor-element elementor-element-b5a6c5b e-con-full e-flex e-con e-child\" data-id=\"b5a6c5b\" data-element_type=\"container\" data-e-type=\"container\">\n\t\t\t\t<div class=\"elementor-element elementor-element-1738708 elementor-invisible elementor-widget elementor-widget-heading\" data-id=\"1738708\" data-element_type=\"widget\" data-e-type=\"widget\" data-settings=\"{&quot;_animation&quot;:&quot;fadeInUp&quot;,&quot;_animation_delay&quot;:150}\" data-widget_type=\"heading.default\">\n\t\t\t\t<div class=\"elementor-widget-container\">\n\t\t\t\t\t<h1 class=\"elementor-heading-title elementor-size-default\">Artes Gr\u00e1ficas Jobs in Chicago<\/h1>\t\t\t\t<\/div>\n\t\t\t\t<\/div>\n\t\t\t\t<\/div>\n\t\t\t\t\t<\/div>\n\t\t\t\t<\/div>\n\t\t<div class=\"elementor-element elementor-element-87fb7a8 content-row e-flex e-con-boxed e-con e-parent\" data-id=\"87fb7a8\" data-element_type=\"container\" data-e-type=\"container\">\n\t\t\t\t\t<div class=\"e-con-inner\">\n\t\t\t\t<div class=\"elementor-element elementor-element-02a1111 elementor-invisible elementor-widget elementor-widget-heading\" data-id=\"02a1111\" data-element_type=\"widget\" data-e-type=\"widget\" data-settings=\"{&quot;_animation&quot;:&quot;fadeInLeft&quot;,&quot;_animation_delay&quot;:150}\" data-widget_type=\"heading.default\">\n\t\t\t\t<div class=\"elementor-widget-container\">\n\t\t\t\t\t<h2 class=\"elementor-heading-title elementor-size-default\">Encuentre trabajos de Artes Gr\u00e1ficas cerca de usted<\/h2>\t\t\t\t<\/div>\n\t\t\t\t<\/div>\n\t\t\t\t<div class=\"elementor-element elementor-element-16e9e12 elementor-invisible elementor-widget elementor-widget-text-editor\" data-id=\"16e9e12\" data-element_type=\"widget\" data-e-type=\"widget\" data-settings=\"{&quot;_animation&quot;:&quot;fadeInUp&quot;}\" data-widget_type=\"text-editor.default\">\n\t\t\t\t<div class=\"elementor-widget-container\">\n\t\t\t\t\t\t\t\t\t<p>\u00bfEst\u00e1s listo para llevar tu creatividad al siguiente nivel? Synergy Recruiting conecta a artistas y dise\u00f1adores con talento con los mejores empleos en artes gr\u00e1ficas en Chicago. Desde dise\u00f1adores gr\u00e1ficos hasta artistas de producci\u00f3n y directores creativos, nuestro equipo te ayuda a encontrar oportunidades donde tus habilidades e imaginaci\u00f3n puedan brillar.<\/p>\t\t\t\t\t\t\t\t<\/div>\n\t\t\t\t<\/div>\n\t\t\t\t\t<\/div>\n\t\t\t\t<\/div>\n\t\t<div class=\"elementor-element elementor-element-b4de79e content-row e-flex e-con-boxed e-con e-parent\" data-id=\"b4de79e\" data-element_type=\"container\" data-e-type=\"container\" data-settings=\"{&quot;background_background&quot;:&quot;classic&quot;}\">\n\t\t\t\t\t<div class=\"e-con-inner\">\n\t\t\t\t<div class=\"elementor-element elementor-element-125f75e elementor-invisible elementor-widget elementor-widget-heading\" data-id=\"125f75e\" data-element_type=\"widget\" data-e-type=\"widget\" data-settings=\"{&quot;_animation&quot;:&quot;fadeInRight&quot;}\" data-widget_type=\"heading.default\">\n\t\t\t\t<div class=\"elementor-widget-container\">\n\t\t\t\t\t<h3 class=\"elementor-heading-title elementor-size-default\">Empleos en artes gr\u00e1ficas<\/h3>\t\t\t\t<\/div>\n\t\t\t\t<\/div>\n\t\t\t\t<div class=\"elementor-element elementor-element-0431674 elementor-invisible elementor-widget elementor-widget-text-editor\" data-id=\"0431674\" data-element_type=\"widget\" data-e-type=\"widget\" data-settings=\"{&quot;_animation&quot;:&quot;fadeInUp&quot;}\" data-widget_type=\"text-editor.default\">\n\t\t\t\t<div class=\"elementor-widget-container\">\n\t\t\t\t\t\t\t\t\t<p>Chicago es una ciudad vibrante para el dise\u00f1o, el marketing y las industrias creativas. En Synergy Recruiting, nos asociamos con agencias, corporaciones y empresas creativas que buscan profesionales capaces de ofrecer im\u00e1genes atractivas y soluciones de dise\u00f1o innovadoras.<\/p>\t\t\t\t\t\t\t\t<\/div>\n\t\t\t\t<\/div>\n\t\t<div class=\"elementor-element elementor-element-04b72a2 e-con-full e-flex elementor-invisible e-con e-child\" data-id=\"04b72a2\" data-element_type=\"container\" data-e-type=\"container\" data-settings=\"{&quot;animation&quot;:&quot;fadeInUp&quot;}\">\n\t\t\t\t<div class=\"elementor-element elementor-element-b5456b6 elementor-widget elementor-widget-text-editor\" data-id=\"b5456b6\" data-element_type=\"widget\" data-e-type=\"widget\" data-widget_type=\"text-editor.default\">\n\t\t\t\t<div class=\"elementor-widget-container\">\n\t\t\t\t\t\t\t\t\t<ul><li>Dise\u00f1ador gr\u00e1fico<\/li><li>Artista de producci\u00f3n<\/li><li>Director Creativo<\/li><li>Dise\u00f1ador de marketing<\/li><\/ul>\t\t\t\t\t\t\t\t<\/div>\n\t\t\t\t<\/div>\n\t\t\t\t<div class=\"elementor-element elementor-element-7a21479 elementor-widget elementor-widget-text-editor\" data-id=\"7a21479\" data-element_type=\"widget\" data-e-type=\"widget\" data-widget_type=\"text-editor.default\">\n\t\t\t\t<div class=\"elementor-widget-container\">\n\t\t\t\t\t\t\t\t\t<ul><li>Dise\u00f1ador web<\/li><li>Ilustrador digital<\/li><li>Especialista en comunicaci\u00f3n visual<\/li><li>Director art\u00edstico<\/li><\/ul>\t\t\t\t\t\t\t\t<\/div>\n\t\t\t\t<\/div>\n\t\t\t\t<\/div>\n\t\t\t\t\t<\/div>\n\t\t\t\t<\/div>\n\t\t<div class=\"elementor-element elementor-element-005d6c6 content-row e-flex e-con-boxed e-con e-parent\" data-id=\"005d6c6\" data-element_type=\"container\" data-e-type=\"container\" data-settings=\"{&quot;background_background&quot;:&quot;classic&quot;}\">\n\t\t\t\t\t<div class=\"e-con-inner\">\n\t\t\t\t<div class=\"elementor-element elementor-element-7e429ef elementor-invisible elementor-widget elementor-widget-heading\" data-id=\"7e429ef\" data-element_type=\"widget\" data-e-type=\"widget\" data-settings=\"{&quot;_animation&quot;:&quot;fadeInLeft&quot;,&quot;_animation_delay&quot;:150}\" data-widget_type=\"heading.default\">\n\t\t\t\t<div class=\"elementor-widget-container\">\n\t\t\t\t\t<h2 class=\"elementor-heading-title elementor-size-default\">Empieza tu carrera<\/h2>\t\t\t\t<\/div>\n\t\t\t\t<\/div>\n\t\t\t\t<div class=\"elementor-element elementor-element-2689950 elementor-invisible elementor-widget elementor-widget-heading\" data-id=\"2689950\" data-element_type=\"widget\" data-e-type=\"widget\" data-settings=\"{&quot;_animation&quot;:&quot;fadeInLeft&quot;,&quot;_animation_delay&quot;:150}\" data-widget_type=\"heading.default\">\n\t\t\t\t<div class=\"elementor-widget-container\">\n\t\t\t\t\t<h3 class=\"elementor-heading-title elementor-size-default\">en el sector de las artes gr\u00e1ficas<\/h3>\t\t\t\t<\/div>\n\t\t\t\t<\/div>\n\t\t\t\t<div class=\"elementor-element elementor-element-e596258 elementor-invisible elementor-widget elementor-widget-text-editor\" data-id=\"e596258\" data-element_type=\"widget\" data-e-type=\"widget\" data-settings=\"{&quot;_animation&quot;:&quot;fadeInUp&quot;,&quot;_animation_delay&quot;:250}\" data-widget_type=\"text-editor.default\">\n\t\t\t\t<div class=\"elementor-widget-container\">\n\t\t\t\t\t\t\t\t\t<p>Si est\u00e1s buscando trabajo en artes gr\u00e1ficas en Chicago, Synergy Recruiting est\u00e1 aqu\u00ed para ayudarte a dar el siguiente paso. Explore las ofertas de trabajo actuales, con\u00e9ctese con nuestros reclutadores y descubra oportunidades para hacer crecer su carrera en la industria de las artes gr\u00e1ficas.<\/p>\t\t\t\t\t\t\t\t<\/div>\n\t\t\t\t<\/div>\n\t\t\t\t\t<\/div>\n\t\t\t\t<\/div>\n\t\t<div class=\"elementor-element elementor-element-1313d9d content-row e-flex e-con-boxed e-con e-parent\" data-id=\"1313d9d\" data-element_type=\"container\" data-e-type=\"container\" data-settings=\"{&quot;background_background&quot;:&quot;classic&quot;}\">\n\t\t\t\t\t<div class=\"e-con-inner\">\n\t\t\t\t<div class=\"elementor-element elementor-element-287c104 elementor-invisible elementor-widget elementor-widget-heading\" data-id=\"287c104\" data-element_type=\"widget\" data-e-type=\"widget\" data-settings=\"{&quot;_animation&quot;:&quot;fadeInLeft&quot;,&quot;_animation_delay&quot;:150}\" data-widget_type=\"heading.default\">\n\t\t\t\t<div class=\"elementor-widget-container\">\n\t\t\t\t\t<h2 class=\"elementor-heading-title elementor-size-default\">Su futuro trabajo en artes gr\u00e1ficas<\/h2>\t\t\t\t<\/div>\n\t\t\t\t<\/div>\n\t\t\t\t<div class=\"elementor-element elementor-element-a898912 elementor-invisible elementor-widget elementor-widget-heading\" data-id=\"a898912\" data-element_type=\"widget\" data-e-type=\"widget\" data-settings=\"{&quot;_animation&quot;:&quot;fadeInRight&quot;,&quot;_animation_delay&quot;:150}\" data-widget_type=\"heading.default\">\n\t\t\t\t<div class=\"elementor-widget-container\">\n\t\t\t\t\t<h4 class=\"elementor-heading-title elementor-size-default\">est\u00e1 a un solo clic.<\/h4>\t\t\t\t<\/div>\n\t\t\t\t<\/div>\n\t\t\t\t<div class=\"elementor-element elementor-element-7053dbe elementor-align-center elementor-invisible elementor-widget elementor-widget-button\" data-id=\"7053dbe\" data-element_type=\"widget\" data-e-type=\"widget\" data-settings=\"{&quot;_animation&quot;:&quot;fadeInUp&quot;,&quot;_animation_delay&quot;:150}\" data-widget_type=\"button.default\">\n\t\t\t\t<div class=\"elementor-widget-container\">\n\t\t\t\t\t\t\t\t\t<div class=\"elementor-button-wrapper\">\n\t\t\t\t\t<a class=\"elementor-button elementor-button-link elementor-size-sm\" href=\"\/es\/pongase-en-contacto-con\/\">\n\t\t\t\t\t\t<span class=\"elementor-button-content-wrapper\">\n\t\t\t\t\t\t\t\t\t<span class=\"elementor-button-text\">Contacte con nosotros<\/span>\n\t\t\t\t\t<\/span>\n\t\t\t\t\t<\/a>\n\t\t\t\t<\/div>\n\t\t\t\t\t\t\t\t<\/div>\n\t\t\t\t<\/div>\n\t\t\t\t\t<\/div>\n\t\t\t\t<\/div>\n\t\t\t\t<\/div>","protected":false},"excerpt":{"rendered":"<p>Graphic Arts Jobs in Chicago Find Graphic Arts Jobs Near You Are you ready to bring your creativity to the next level? Synergy Recruiting connects talented artists and designers with top graphic arts jobs in Chicago. From graphic designers to production artists and creative directors, our team helps you find opportunities where your skills and [&hellip;]<\/p>\n","protected":false},"author":1,"featured_media":0,"parent":0,"menu_order":0,"comment_status":"closed","ping_status":"closed","template":"elementor_header_footer","meta":{"_acf_changed":false,"footnotes":""},"class_list":["post-1239","page","type-page","status-publish","hentry"],"yoast_head":"<!-- This site is optimized with the Yoast SEO plugin v27.5 - https:\/\/yoast.com\/product\/yoast-seo-wordpress\/ -->\n<title>Graphic Arts Jobs in Chicago | Synergy Recruiting<\/title>\n<meta name=\"description\" content=\"Discover graphic arts jobs in Chicago with Synergy Recruiting. Connect with top employers hiring designers, artists, and creative professionals. Start your creative career today.\" \/>\n<meta name=\"robots\" content=\"index, follow, max-snippet:-1, max-image-preview:large, max-video-preview:-1\" \/>\n<link rel=\"canonical\" href=\"http:\/\/synergy-pros.com\/es\/empleo-artes-graficas-en-chicago\/\" \/>\n<meta property=\"og:locale\" content=\"es_MX\" \/>\n<meta property=\"og:type\" content=\"article\" \/>\n<meta property=\"og:title\" content=\"Graphic Arts Jobs in Chicago | Synergy Recruiting\" \/>\n<meta property=\"og:description\" content=\"Discover graphic arts jobs in Chicago with Synergy Recruiting. Connect with top employers hiring designers, artists, and creative professionals. Start your creative career today.\" \/>\n<meta property=\"og:url\" content=\"http:\/\/synergy-pros.com\/es\/empleo-artes-graficas-en-chicago\/\" \/>\n<meta property=\"og:site_name\" content=\"Synergy Recruiting, LLC\" \/>\n<meta property=\"article:publisher\" content=\"https:\/\/www.facebook.com\/SynergyRecruiting\/\" \/>\n<meta property=\"article:modified_time\" content=\"2025-08-21T18:37:39+00:00\" \/>\n<meta property=\"og:image\" content=\"https:\/\/synergy-pros.com\/wp-content\/uploads\/sites\/2\/2024\/04\/synergy-recruiting-og.jpg\" \/>\n\t<meta property=\"og:image:width\" content=\"1200\" \/>\n\t<meta property=\"og:image:height\" content=\"630\" \/>\n\t<meta property=\"og:image:type\" content=\"image\/jpeg\" \/>\n<meta name=\"twitter:card\" content=\"summary_large_image\" \/>\n<meta name=\"twitter:site\" content=\"@SynergyRecruite\" \/>\n<meta name=\"twitter:label1\" content=\"Tiempo de lectura\" \/>\n\t<meta name=\"twitter:data1\" content=\"1 minuto\" \/>\n<script type=\"application\/ld+json\" class=\"yoast-schema-graph\">{\"@context\":\"https:\\\/\\\/schema.org\",\"@graph\":[{\"@type\":\"WebPage\",\"@id\":\"http:\\\/\\\/synergy-pros.com\\\/es\\\/empleo-artes-graficas-en-chicago\\\/\",\"url\":\"http:\\\/\\\/synergy-pros.com\\\/es\\\/empleo-artes-graficas-en-chicago\\\/\",\"name\":\"Graphic Arts Jobs in Chicago | Synergy Recruiting\",\"isPartOf\":{\"@id\":\"https:\\\/\\\/synergy-pros.com\\\/#website\"},\"datePublished\":\"2025-08-21T18:35:55+00:00\",\"dateModified\":\"2025-08-21T18:37:39+00:00\",\"description\":\"Discover graphic arts jobs in Chicago with Synergy Recruiting. Connect with top employers hiring designers, artists, and creative professionals. Start your creative career today.\",\"breadcrumb\":{\"@id\":\"http:\\\/\\\/synergy-pros.com\\\/es\\\/empleo-artes-graficas-en-chicago\\\/#breadcrumb\"},\"inLanguage\":\"es\",\"potentialAction\":[{\"@type\":\"ReadAction\",\"target\":[\"http:\\\/\\\/synergy-pros.com\\\/es\\\/empleo-artes-graficas-en-chicago\\\/\"]}]},{\"@type\":\"BreadcrumbList\",\"@id\":\"http:\\\/\\\/synergy-pros.com\\\/es\\\/empleo-artes-graficas-en-chicago\\\/#breadcrumb\",\"itemListElement\":[{\"@type\":\"ListItem\",\"position\":1,\"name\":\"Home\",\"item\":\"https:\\\/\\\/synergy-pros.com\\\/\"},{\"@type\":\"ListItem\",\"position\":2,\"name\":\"Graphic Arts Jobs\"}]},{\"@type\":\"WebSite\",\"@id\":\"https:\\\/\\\/synergy-pros.com\\\/#website\",\"url\":\"https:\\\/\\\/synergy-pros.com\\\/\",\"name\":\"Synergy Recruiting, LLC\",\"description\":\"\",\"publisher\":{\"@id\":\"https:\\\/\\\/synergy-pros.com\\\/#organization\"},\"potentialAction\":[{\"@type\":\"SearchAction\",\"target\":{\"@type\":\"EntryPoint\",\"urlTemplate\":\"https:\\\/\\\/synergy-pros.com\\\/?s={search_term_string}\"},\"query-input\":{\"@type\":\"PropertyValueSpecification\",\"valueRequired\":true,\"valueName\":\"search_term_string\"}}],\"inLanguage\":\"es\"},{\"@type\":\"Organization\",\"@id\":\"https:\\\/\\\/synergy-pros.com\\\/#organization\",\"name\":\"Synergy Recruiting, LLC\",\"url\":\"https:\\\/\\\/synergy-pros.com\\\/\",\"logo\":{\"@type\":\"ImageObject\",\"inLanguage\":\"es\",\"@id\":\"https:\\\/\\\/synergy-pros.com\\\/#\\\/schema\\\/logo\\\/image\\\/\",\"url\":\"https:\\\/\\\/synergy-pros.com\\\/wp-content\\\/uploads\\\/sites\\\/2\\\/2024\\\/04\\\/synergy-recruiting-og.jpg\",\"contentUrl\":\"https:\\\/\\\/synergy-pros.com\\\/wp-content\\\/uploads\\\/sites\\\/2\\\/2024\\\/04\\\/synergy-recruiting-og.jpg\",\"width\":1200,\"height\":630,\"caption\":\"Synergy Recruiting, LLC\"},\"image\":{\"@id\":\"https:\\\/\\\/synergy-pros.com\\\/#\\\/schema\\\/logo\\\/image\\\/\"},\"sameAs\":[\"https:\\\/\\\/www.facebook.com\\\/SynergyRecruiting\\\/\",\"https:\\\/\\\/x.com\\\/SynergyRecruite\",\"https:\\\/\\\/www.linkedin.com\\\/company\\\/synergy-recruiting-llc\",\"https:\\\/\\\/www.instagram.com\\\/justintimestaffing\\\/\"]}]}<\/script>\n<!-- \/ Yoast SEO plugin. -->","yoast_head_json":{"title":"Ofertas de trabajo: Artes Gr\u00e1ficas en Madrid | Synergy Recruiting","description":"Descubre ofertas de trabajo de artes graficas en Chicago con Synergy Recruiting. Con\u00e9ctate con los mejores empleadores que contratan dise\u00f1adores, artistas y profesionales creativos. Empieza tu carrera creativa hoy mismo.","robots":{"index":"index","follow":"follow","max-snippet":"max-snippet:-1","max-image-preview":"max-image-preview:large","max-video-preview":"max-video-preview:-1"},"canonical":"http:\/\/synergy-pros.com\/es\/empleo-artes-graficas-en-chicago\/","og_locale":"es_MX","og_type":"article","og_title":"Graphic Arts Jobs in Chicago | Synergy Recruiting","og_description":"Discover graphic arts jobs in Chicago with Synergy Recruiting. Connect with top employers hiring designers, artists, and creative professionals. Start your creative career today.","og_url":"http:\/\/synergy-pros.com\/es\/empleo-artes-graficas-en-chicago\/","og_site_name":"Synergy Recruiting, LLC","article_publisher":"https:\/\/www.facebook.com\/SynergyRecruiting\/","article_modified_time":"2025-08-21T18:37:39+00:00","og_image":[{"width":1200,"height":630,"url":"https:\/\/synergy-pros.com\/wp-content\/uploads\/sites\/2\/2024\/04\/synergy-recruiting-og.jpg","type":"image\/jpeg"}],"twitter_card":"summary_large_image","twitter_site":"@SynergyRecruite","twitter_misc":{"Tiempo de lectura":"1 minuto"},"schema":{"@context":"https:\/\/schema.org","@graph":[{"@type":"WebPage","@id":"http:\/\/synergy-pros.com\/es\/empleo-artes-graficas-en-chicago\/","url":"http:\/\/synergy-pros.com\/es\/empleo-artes-graficas-en-chicago\/","name":"Ofertas de trabajo: Artes Gr\u00e1ficas en Madrid | Synergy Recruiting","isPartOf":{"@id":"https:\/\/synergy-pros.com\/#website"},"datePublished":"2025-08-21T18:35:55+00:00","dateModified":"2025-08-21T18:37:39+00:00","description":"Descubre ofertas de trabajo de artes graficas en Chicago con Synergy Recruiting. Con\u00e9ctate con los mejores empleadores que contratan dise\u00f1adores, artistas y profesionales creativos. Empieza tu carrera creativa hoy mismo.","breadcrumb":{"@id":"http:\/\/synergy-pros.com\/es\/empleo-artes-graficas-en-chicago\/#breadcrumb"},"inLanguage":"es","potentialAction":[{"@type":"ReadAction","target":["http:\/\/synergy-pros.com\/es\/empleo-artes-graficas-en-chicago\/"]}]},{"@type":"BreadcrumbList","@id":"http:\/\/synergy-pros.com\/es\/empleo-artes-graficas-en-chicago\/#breadcrumb","itemListElement":[{"@type":"ListItem","position":1,"name":"Home","item":"https:\/\/synergy-pros.com\/"},{"@type":"ListItem","position":2,"name":"Graphic Arts Jobs"}]},{"@type":"WebSite","@id":"https:\/\/synergy-pros.com\/#website","url":"https:\/\/synergy-pros.com\/","name":"Synergy Recruiting, LLC","description":"","publisher":{"@id":"https:\/\/synergy-pros.com\/#organization"},"potentialAction":[{"@type":"SearchAction","target":{"@type":"EntryPoint","urlTemplate":"https:\/\/synergy-pros.com\/?s={search_term_string}"},"query-input":{"@type":"PropertyValueSpecification","valueRequired":true,"valueName":"search_term_string"}}],"inLanguage":"es"},{"@type":"Organization","@id":"https:\/\/synergy-pros.com\/#organization","name":"Synergy Recruiting, LLC","url":"https:\/\/synergy-pros.com\/","logo":{"@type":"ImageObject","inLanguage":"es","@id":"https:\/\/synergy-pros.com\/#\/schema\/logo\/image\/","url":"https:\/\/synergy-pros.com\/wp-content\/uploads\/sites\/2\/2024\/04\/synergy-recruiting-og.jpg","contentUrl":"https:\/\/synergy-pros.com\/wp-content\/uploads\/sites\/2\/2024\/04\/synergy-recruiting-og.jpg","width":1200,"height":630,"caption":"Synergy Recruiting, LLC"},"image":{"@id":"https:\/\/synergy-pros.com\/#\/schema\/logo\/image\/"},"sameAs":["https:\/\/www.facebook.com\/SynergyRecruiting\/","https:\/\/x.com\/SynergyRecruite","https:\/\/www.linkedin.com\/company\/synergy-recruiting-llc","https:\/\/www.instagram.com\/justintimestaffing\/"]}]}},"acf":[],"_links":{"self":[{"href":"https:\/\/synergy-pros.com\/es\/wp-json\/wp\/v2\/pages\/1239","targetHints":{"allow":["GET"]}}],"collection":[{"href":"https:\/\/synergy-pros.com\/es\/wp-json\/wp\/v2\/pages"}],"about":[{"href":"https:\/\/synergy-pros.com\/es\/wp-json\/wp\/v2\/types\/page"}],"author":[{"embeddable":true,"href":"https:\/\/synergy-pros.com\/es\/wp-json\/wp\/v2\/users\/1"}],"replies":[{"embeddable":true,"href":"https:\/\/synergy-pros.com\/es\/wp-json\/wp\/v2\/comments?post=1239"}],"version-history":[{"count":4,"href":"https:\/\/synergy-pros.com\/es\/wp-json\/wp\/v2\/pages\/1239\/revisions"}],"predecessor-version":[{"id":1243,"href":"https:\/\/synergy-pros.com\/es\/wp-json\/wp\/v2\/pages\/1239\/revisions\/1243"}],"wp:attachment":[{"href":"https:\/\/synergy-pros.com\/es\/wp-json\/wp\/v2\/media?parent=1239"}],"curies":[{"name":"wp","href":"https:\/\/api.w.org\/{rel}","templated":true}]}}