{"id":1213,"date":"2025-08-21T17:02:25","date_gmt":"2025-08-21T17:02:25","guid":{"rendered":"https:\/\/synergy-pros.com\/?page_id=1213"},"modified":"2025-08-21T17:05:10","modified_gmt":"2025-08-21T17:05:10","slug":"trabajo-finanzas","status":"publish","type":"page","link":"https:\/\/synergy-pros.com\/es\/finance-jobs-in-chicago\/","title":{"rendered":"Finanzas Empleo"},"content":{"rendered":"<div data-elementor-type=\"wp-page\" data-elementor-id=\"1213\" class=\"elementor elementor-1213\" data-elementor-post-type=\"page\">\n\t\t\t\t<div class=\"elementor-element elementor-element-8b13f43 top-banner e-flex e-con-boxed e-con e-parent\" data-id=\"8b13f43\" data-element_type=\"container\" data-e-type=\"container\" data-settings=\"{&quot;background_background&quot;:&quot;classic&quot;}\">\n\t\t\t\t\t<div class=\"e-con-inner\">\n\t\t<div class=\"elementor-element elementor-element-e0dd031 e-con-full elementor-hidden-mobile e-flex e-con e-child\" data-id=\"e0dd031\" data-element_type=\"container\" data-e-type=\"container\">\n\t\t\t\t<\/div>\n\t\t<div class=\"elementor-element elementor-element-b5a6c5b e-con-full e-flex e-con e-child\" data-id=\"b5a6c5b\" data-element_type=\"container\" data-e-type=\"container\">\n\t\t\t\t<div class=\"elementor-element elementor-element-1738708 elementor-invisible elementor-widget elementor-widget-heading\" data-id=\"1738708\" data-element_type=\"widget\" data-e-type=\"widget\" data-settings=\"{&quot;_animation&quot;:&quot;fadeInUp&quot;,&quot;_animation_delay&quot;:150}\" data-widget_type=\"heading.default\">\n\t\t\t\t<div class=\"elementor-widget-container\">\n\t\t\t\t\t<h1 class=\"elementor-heading-title elementor-size-default\">Trabajo Madrid<\/h1>\t\t\t\t<\/div>\n\t\t\t\t<\/div>\n\t\t\t\t<\/div>\n\t\t\t\t\t<\/div>\n\t\t\t\t<\/div>\n\t\t<div class=\"elementor-element elementor-element-87fb7a8 content-row e-flex e-con-boxed e-con e-parent\" data-id=\"87fb7a8\" data-element_type=\"container\" data-e-type=\"container\">\n\t\t\t\t\t<div class=\"e-con-inner\">\n\t\t\t\t<div class=\"elementor-element elementor-element-02a1111 elementor-invisible elementor-widget elementor-widget-heading\" data-id=\"02a1111\" data-element_type=\"widget\" data-e-type=\"widget\" data-settings=\"{&quot;_animation&quot;:&quot;fadeInLeft&quot;,&quot;_animation_delay&quot;:150}\" data-widget_type=\"heading.default\">\n\t\t\t\t<div class=\"elementor-widget-container\">\n\t\t\t\t\t<h2 class=\"elementor-heading-title elementor-size-default\">Encuentre trabajos de finanzas cerca de usted<\/h2>\t\t\t\t<\/div>\n\t\t\t\t<\/div>\n\t\t\t\t<div class=\"elementor-element elementor-element-16e9e12 elementor-invisible elementor-widget elementor-widget-text-editor\" data-id=\"16e9e12\" data-element_type=\"widget\" data-e-type=\"widget\" data-settings=\"{&quot;_animation&quot;:&quot;fadeInUp&quot;}\" data-widget_type=\"text-editor.default\">\n\t\t\t\t<div class=\"elementor-widget-container\">\n\t\t\t\t\t\t\t\t\t<p>\u00bfEst\u00e1s listo para dar el siguiente paso en tu carrera de finanzas? Synergy Recruiting conecta a profesionales cualificados con los mejores puestos de finanzas en Chicago. Desde analistas principiantes hasta directores financieros experimentados, nuestro equipo colabora con empresas l\u00edderes de toda la ciudad para ayudarle a encontrar el puesto que mejor se adapte a sus habilidades y objetivos profesionales.<\/p>\t\t\t\t\t\t\t\t<\/div>\n\t\t\t\t<\/div>\n\t\t\t\t\t<\/div>\n\t\t\t\t<\/div>\n\t\t<div class=\"elementor-element elementor-element-b4de79e content-row e-flex e-con-boxed e-con e-parent\" data-id=\"b4de79e\" data-element_type=\"container\" data-e-type=\"container\" data-settings=\"{&quot;background_background&quot;:&quot;classic&quot;}\">\n\t\t\t\t\t<div class=\"e-con-inner\">\n\t\t\t\t<div class=\"elementor-element elementor-element-125f75e elementor-invisible elementor-widget elementor-widget-heading\" data-id=\"125f75e\" data-element_type=\"widget\" data-e-type=\"widget\" data-settings=\"{&quot;_animation&quot;:&quot;fadeInRight&quot;}\" data-widget_type=\"heading.default\">\n\t\t\t\t<div class=\"elementor-widget-container\">\n\t\t\t\t\t<h3 class=\"elementor-heading-title elementor-size-default\">Finanzas Empleo<\/h3>\t\t\t\t<\/div>\n\t\t\t\t<\/div>\n\t\t\t\t<div class=\"elementor-element elementor-element-0431674 elementor-invisible elementor-widget elementor-widget-text-editor\" data-id=\"0431674\" data-element_type=\"widget\" data-e-type=\"widget\" data-settings=\"{&quot;_animation&quot;:&quot;fadeInUp&quot;}\" data-widget_type=\"text-editor.default\">\n\t\t\t\t<div class=\"elementor-widget-container\">\n\t\t\t\t\t\t\t\t\t<p>En Synergy Recruiting, nos especializamos en establecer conexiones entre profesionales de las finanzas y empleadores que valoran la experiencia, la precisi\u00f3n y el liderazgo. Contratamos para una amplia gama de puestos financieros en sectores como la banca, las finanzas corporativas, la contabilidad y la gesti\u00f3n de inversiones.<\/p>\t\t\t\t\t\t\t\t<\/div>\n\t\t\t\t<\/div>\n\t\t<div class=\"elementor-element elementor-element-04b72a2 e-con-full e-flex elementor-invisible e-con e-child\" data-id=\"04b72a2\" data-element_type=\"container\" data-e-type=\"container\" data-settings=\"{&quot;animation&quot;:&quot;fadeInUp&quot;}\">\n\t\t\t\t<div class=\"elementor-element elementor-element-b5456b6 elementor-widget elementor-widget-text-editor\" data-id=\"b5456b6\" data-element_type=\"widget\" data-e-type=\"widget\" data-widget_type=\"text-editor.default\">\n\t\t\t\t<div class=\"elementor-widget-container\">\n\t\t\t\t\t\t\t\t\t<ul><li>Analista financiero<\/li><li>Contable<\/li><li>Director financiero<\/li><li>Controlador<\/li><\/ul>\t\t\t\t\t\t\t\t<\/div>\n\t\t\t\t<\/div>\n\t\t\t\t<div class=\"elementor-element elementor-element-7a21479 elementor-widget elementor-widget-text-editor\" data-id=\"7a21479\" data-element_type=\"widget\" data-e-type=\"widget\" data-widget_type=\"text-editor.default\">\n\t\t\t\t<div class=\"elementor-widget-container\">\n\t\t\t\t\t\t\t\t\t<ul><li>Analista de inversiones<\/li><li>Analista de cr\u00e9dito<\/li><li>Especialista en n\u00f3minas<\/li><li>Contable<\/li><\/ul>\t\t\t\t\t\t\t\t<\/div>\n\t\t\t\t<\/div>\n\t\t\t\t<\/div>\n\t\t\t\t\t<\/div>\n\t\t\t\t<\/div>\n\t\t<div class=\"elementor-element elementor-element-005d6c6 content-row e-flex e-con-boxed e-con e-parent\" data-id=\"005d6c6\" data-element_type=\"container\" data-e-type=\"container\" data-settings=\"{&quot;background_background&quot;:&quot;classic&quot;}\">\n\t\t\t\t\t<div class=\"e-con-inner\">\n\t\t\t\t<div class=\"elementor-element elementor-element-7e429ef elementor-invisible elementor-widget elementor-widget-heading\" data-id=\"7e429ef\" data-element_type=\"widget\" data-e-type=\"widget\" data-settings=\"{&quot;_animation&quot;:&quot;fadeInLeft&quot;,&quot;_animation_delay&quot;:150}\" data-widget_type=\"heading.default\">\n\t\t\t\t<div class=\"elementor-widget-container\">\n\t\t\t\t\t<h2 class=\"elementor-heading-title elementor-size-default\">Empieza tu carrera<\/h2>\t\t\t\t<\/div>\n\t\t\t\t<\/div>\n\t\t\t\t<div class=\"elementor-element elementor-element-2689950 elementor-invisible elementor-widget elementor-widget-heading\" data-id=\"2689950\" data-element_type=\"widget\" data-e-type=\"widget\" data-settings=\"{&quot;_animation&quot;:&quot;fadeInLeft&quot;,&quot;_animation_delay&quot;:150}\" data-widget_type=\"heading.default\">\n\t\t\t\t<div class=\"elementor-widget-container\">\n\t\t\t\t\t<h3 class=\"elementor-heading-title elementor-size-default\">en el sector financiero<\/h3>\t\t\t\t<\/div>\n\t\t\t\t<\/div>\n\t\t\t\t<div class=\"elementor-element elementor-element-e596258 elementor-invisible elementor-widget elementor-widget-text-editor\" data-id=\"e596258\" data-element_type=\"widget\" data-e-type=\"widget\" data-settings=\"{&quot;_animation&quot;:&quot;fadeInUp&quot;,&quot;_animation_delay&quot;:250}\" data-widget_type=\"text-editor.default\">\n\t\t\t\t<div class=\"elementor-widget-container\">\n\t\t\t\t\t\t\t\t\t<p>Si est\u00e1s buscando trabajo en finanzas en Chicago, Synergy Recruiting est\u00e1 aqu\u00ed para ayudarte a dar el siguiente paso. Explore las ofertas de trabajo actuales, con\u00e9ctese con nuestros reclutadores y descubra oportunidades para hacer crecer su carrera en la industria financiera.<\/p>\t\t\t\t\t\t\t\t<\/div>\n\t\t\t\t<\/div>\n\t\t\t\t\t<\/div>\n\t\t\t\t<\/div>\n\t\t<div class=\"elementor-element elementor-element-1313d9d content-row e-flex e-con-boxed e-con e-parent\" data-id=\"1313d9d\" data-element_type=\"container\" data-e-type=\"container\" data-settings=\"{&quot;background_background&quot;:&quot;classic&quot;}\">\n\t\t\t\t\t<div class=\"e-con-inner\">\n\t\t\t\t<div class=\"elementor-element elementor-element-287c104 elementor-invisible elementor-widget elementor-widget-heading\" data-id=\"287c104\" data-element_type=\"widget\" data-e-type=\"widget\" data-settings=\"{&quot;_animation&quot;:&quot;fadeInLeft&quot;,&quot;_animation_delay&quot;:150}\" data-widget_type=\"heading.default\">\n\t\t\t\t<div class=\"elementor-widget-container\">\n\t\t\t\t\t<h2 class=\"elementor-heading-title elementor-size-default\">Tu futuro trabajo en finanzas<\/h2>\t\t\t\t<\/div>\n\t\t\t\t<\/div>\n\t\t\t\t<div class=\"elementor-element elementor-element-a898912 elementor-invisible elementor-widget elementor-widget-heading\" data-id=\"a898912\" data-element_type=\"widget\" data-e-type=\"widget\" data-settings=\"{&quot;_animation&quot;:&quot;fadeInRight&quot;,&quot;_animation_delay&quot;:150}\" data-widget_type=\"heading.default\">\n\t\t\t\t<div class=\"elementor-widget-container\">\n\t\t\t\t\t<h4 class=\"elementor-heading-title elementor-size-default\">est\u00e1 a un solo clic.<\/h4>\t\t\t\t<\/div>\n\t\t\t\t<\/div>\n\t\t\t\t<div class=\"elementor-element elementor-element-7053dbe elementor-align-center elementor-invisible elementor-widget elementor-widget-button\" data-id=\"7053dbe\" data-element_type=\"widget\" data-e-type=\"widget\" data-settings=\"{&quot;_animation&quot;:&quot;fadeInUp&quot;,&quot;_animation_delay&quot;:150}\" data-widget_type=\"button.default\">\n\t\t\t\t<div class=\"elementor-widget-container\">\n\t\t\t\t\t\t\t\t\t<div class=\"elementor-button-wrapper\">\n\t\t\t\t\t<a class=\"elementor-button elementor-button-link elementor-size-sm\" href=\"\/es\/pongase-en-contacto-con\/\">\n\t\t\t\t\t\t<span class=\"elementor-button-content-wrapper\">\n\t\t\t\t\t\t\t\t\t<span class=\"elementor-button-text\">Contacte con nosotros<\/span>\n\t\t\t\t\t<\/span>\n\t\t\t\t\t<\/a>\n\t\t\t\t<\/div>\n\t\t\t\t\t\t\t\t<\/div>\n\t\t\t\t<\/div>\n\t\t\t\t\t<\/div>\n\t\t\t\t<\/div>\n\t\t\t\t<\/div>","protected":false},"excerpt":{"rendered":"<p>Finance Jobs in Chicago Find Finance Jobs Near You Are you ready to take the next step in your finance career? Synergy Recruiting connects skilled professionals with top finance jobs in Chicago. From entry-level analysts to experienced financial managers, our team partners with leading companies across the city to help you find the right fit [&hellip;]<\/p>\n","protected":false},"author":1,"featured_media":0,"parent":0,"menu_order":0,"comment_status":"closed","ping_status":"closed","template":"elementor_header_footer","meta":{"_acf_changed":false,"footnotes":""},"class_list":["post-1213","page","type-page","status-publish","hentry"],"yoast_head":"<!-- This site is optimized with the Yoast SEO plugin v27.3 - https:\/\/yoast.com\/product\/yoast-seo-wordpress\/ -->\n<title>Finance Jobs in Chicago | Synergy Recruiting<\/title>\n<meta name=\"description\" content=\"Synergy Recruiting specializes in finance jobs in Chicago. Find financial analyst, staff accountant, and finance manager roles with trusted local employers.\" \/>\n<meta name=\"robots\" content=\"index, follow, max-snippet:-1, max-image-preview:large, max-video-preview:-1\" \/>\n<link rel=\"canonical\" href=\"https:\/\/synergy-pros.com\/es\/trabajo-finanzas\/\" \/>\n<meta property=\"og:locale\" content=\"es_MX\" \/>\n<meta property=\"og:type\" content=\"article\" \/>\n<meta property=\"og:title\" content=\"Finance Jobs in Chicago | Synergy Recruiting\" \/>\n<meta property=\"og:description\" content=\"Synergy Recruiting specializes in finance jobs in Chicago. Find financial analyst, staff accountant, and finance manager roles with trusted local employers.\" \/>\n<meta property=\"og:url\" content=\"https:\/\/synergy-pros.com\/es\/trabajo-finanzas\/\" \/>\n<meta property=\"og:site_name\" content=\"Synergy Recruiting, LLC\" \/>\n<meta property=\"article:publisher\" content=\"https:\/\/www.facebook.com\/SynergyRecruiting\/\" \/>\n<meta property=\"article:modified_time\" content=\"2025-08-21T17:05:10+00:00\" \/>\n<meta property=\"og:image\" content=\"https:\/\/synergy-pros.com\/wp-content\/uploads\/sites\/2\/2024\/04\/synergy-recruiting-og.jpg\" \/>\n\t<meta property=\"og:image:width\" content=\"1200\" \/>\n\t<meta property=\"og:image:height\" content=\"630\" \/>\n\t<meta property=\"og:image:type\" content=\"image\/jpeg\" \/>\n<meta name=\"twitter:card\" content=\"summary_large_image\" \/>\n<meta name=\"twitter:site\" content=\"@SynergyRecruite\" \/>\n<meta name=\"twitter:label1\" content=\"Tiempo de lectura\" \/>\n\t<meta name=\"twitter:data1\" content=\"1 minuto\" \/>\n<script type=\"application\/ld+json\" class=\"yoast-schema-graph\">{\"@context\":\"https:\\\/\\\/schema.org\",\"@graph\":[{\"@type\":\"WebPage\",\"@id\":\"https:\\\/\\\/synergy-pros.com\\\/finance-jobs-in-chicago\\\/\",\"url\":\"https:\\\/\\\/synergy-pros.com\\\/finance-jobs-in-chicago\\\/\",\"name\":\"Finance Jobs in Chicago | Synergy Recruiting\",\"isPartOf\":{\"@id\":\"http:\\\/\\\/synergy-pros.com\\\/#website\"},\"datePublished\":\"2025-08-21T17:02:25+00:00\",\"dateModified\":\"2025-08-21T17:05:10+00:00\",\"description\":\"Synergy Recruiting specializes in finance jobs in Chicago. Find financial analyst, staff accountant, and finance manager roles with trusted local employers.\",\"breadcrumb\":{\"@id\":\"https:\\\/\\\/synergy-pros.com\\\/finance-jobs-in-chicago\\\/#breadcrumb\"},\"inLanguage\":\"es\",\"potentialAction\":[{\"@type\":\"ReadAction\",\"target\":[\"https:\\\/\\\/synergy-pros.com\\\/finance-jobs-in-chicago\\\/\"]}]},{\"@type\":\"BreadcrumbList\",\"@id\":\"https:\\\/\\\/synergy-pros.com\\\/finance-jobs-in-chicago\\\/#breadcrumb\",\"itemListElement\":[{\"@type\":\"ListItem\",\"position\":1,\"name\":\"Home\",\"item\":\"https:\\\/\\\/synergy-pros.com\\\/\"},{\"@type\":\"ListItem\",\"position\":2,\"name\":\"Finance Jobs\"}]},{\"@type\":\"WebSite\",\"@id\":\"http:\\\/\\\/synergy-pros.com\\\/#website\",\"url\":\"http:\\\/\\\/synergy-pros.com\\\/\",\"name\":\"Synergy Recruiting, LLC\",\"description\":\"\",\"publisher\":{\"@id\":\"http:\\\/\\\/synergy-pros.com\\\/#organization\"},\"potentialAction\":[{\"@type\":\"SearchAction\",\"target\":{\"@type\":\"EntryPoint\",\"urlTemplate\":\"http:\\\/\\\/synergy-pros.com\\\/?s={search_term_string}\"},\"query-input\":{\"@type\":\"PropertyValueSpecification\",\"valueRequired\":true,\"valueName\":\"search_term_string\"}}],\"inLanguage\":\"es\"},{\"@type\":\"Organization\",\"@id\":\"http:\\\/\\\/synergy-pros.com\\\/#organization\",\"name\":\"Synergy Recruiting, LLC\",\"url\":\"http:\\\/\\\/synergy-pros.com\\\/\",\"logo\":{\"@type\":\"ImageObject\",\"inLanguage\":\"es\",\"@id\":\"http:\\\/\\\/synergy-pros.com\\\/#\\\/schema\\\/logo\\\/image\\\/\",\"url\":\"https:\\\/\\\/synergy-pros.com\\\/wp-content\\\/uploads\\\/sites\\\/2\\\/2024\\\/04\\\/synergy-recruiting-og.jpg\",\"contentUrl\":\"https:\\\/\\\/synergy-pros.com\\\/wp-content\\\/uploads\\\/sites\\\/2\\\/2024\\\/04\\\/synergy-recruiting-og.jpg\",\"width\":1200,\"height\":630,\"caption\":\"Synergy Recruiting, LLC\"},\"image\":{\"@id\":\"http:\\\/\\\/synergy-pros.com\\\/#\\\/schema\\\/logo\\\/image\\\/\"},\"sameAs\":[\"https:\\\/\\\/www.facebook.com\\\/SynergyRecruiting\\\/\",\"https:\\\/\\\/x.com\\\/SynergyRecruite\",\"https:\\\/\\\/www.linkedin.com\\\/company\\\/synergy-recruiting-llc\",\"https:\\\/\\\/www.instagram.com\\\/justintimestaffing\\\/\"]}]}<\/script>\n<!-- \/ Yoast SEO plugin. -->","yoast_head_json":{"title":"Ofertas de empleo en Madrid | Sinergia Empleo","description":"Synergy Recruiting se especializa en empleos de finanzas en Chicago. Encuentre puestos de analista financiero, contable y director financiero en empresas locales de confianza.","robots":{"index":"index","follow":"follow","max-snippet":"max-snippet:-1","max-image-preview":"max-image-preview:large","max-video-preview":"max-video-preview:-1"},"canonical":"https:\/\/synergy-pros.com\/es\/trabajo-finanzas\/","og_locale":"es_MX","og_type":"article","og_title":"Finance Jobs in Chicago | Synergy Recruiting","og_description":"Synergy Recruiting specializes in finance jobs in Chicago. Find financial analyst, staff accountant, and finance manager roles with trusted local employers.","og_url":"https:\/\/synergy-pros.com\/es\/trabajo-finanzas\/","og_site_name":"Synergy Recruiting, LLC","article_publisher":"https:\/\/www.facebook.com\/SynergyRecruiting\/","article_modified_time":"2025-08-21T17:05:10+00:00","og_image":[{"width":1200,"height":630,"url":"https:\/\/synergy-pros.com\/wp-content\/uploads\/sites\/2\/2024\/04\/synergy-recruiting-og.jpg","type":"image\/jpeg"}],"twitter_card":"summary_large_image","twitter_site":"@SynergyRecruite","twitter_misc":{"Tiempo de lectura":"1 minuto"},"schema":{"@context":"https:\/\/schema.org","@graph":[{"@type":"WebPage","@id":"https:\/\/synergy-pros.com\/finance-jobs-in-chicago\/","url":"https:\/\/synergy-pros.com\/finance-jobs-in-chicago\/","name":"Ofertas de empleo en Madrid | Sinergia Empleo","isPartOf":{"@id":"http:\/\/synergy-pros.com\/#website"},"datePublished":"2025-08-21T17:02:25+00:00","dateModified":"2025-08-21T17:05:10+00:00","description":"Synergy Recruiting se especializa en empleos de finanzas en Chicago. Encuentre puestos de analista financiero, contable y director financiero en empresas locales de confianza.","breadcrumb":{"@id":"https:\/\/synergy-pros.com\/finance-jobs-in-chicago\/#breadcrumb"},"inLanguage":"es","potentialAction":[{"@type":"ReadAction","target":["https:\/\/synergy-pros.com\/finance-jobs-in-chicago\/"]}]},{"@type":"BreadcrumbList","@id":"https:\/\/synergy-pros.com\/finance-jobs-in-chicago\/#breadcrumb","itemListElement":[{"@type":"ListItem","position":1,"name":"Home","item":"https:\/\/synergy-pros.com\/"},{"@type":"ListItem","position":2,"name":"Finance Jobs"}]},{"@type":"WebSite","@id":"http:\/\/synergy-pros.com\/#website","url":"http:\/\/synergy-pros.com\/","name":"Synergy Recruiting, LLC","description":"","publisher":{"@id":"http:\/\/synergy-pros.com\/#organization"},"potentialAction":[{"@type":"SearchAction","target":{"@type":"EntryPoint","urlTemplate":"http:\/\/synergy-pros.com\/?s={search_term_string}"},"query-input":{"@type":"PropertyValueSpecification","valueRequired":true,"valueName":"search_term_string"}}],"inLanguage":"es"},{"@type":"Organization","@id":"http:\/\/synergy-pros.com\/#organization","name":"Synergy Recruiting, LLC","url":"http:\/\/synergy-pros.com\/","logo":{"@type":"ImageObject","inLanguage":"es","@id":"http:\/\/synergy-pros.com\/#\/schema\/logo\/image\/","url":"https:\/\/synergy-pros.com\/wp-content\/uploads\/sites\/2\/2024\/04\/synergy-recruiting-og.jpg","contentUrl":"https:\/\/synergy-pros.com\/wp-content\/uploads\/sites\/2\/2024\/04\/synergy-recruiting-og.jpg","width":1200,"height":630,"caption":"Synergy Recruiting, LLC"},"image":{"@id":"http:\/\/synergy-pros.com\/#\/schema\/logo\/image\/"},"sameAs":["https:\/\/www.facebook.com\/SynergyRecruiting\/","https:\/\/x.com\/SynergyRecruite","https:\/\/www.linkedin.com\/company\/synergy-recruiting-llc","https:\/\/www.instagram.com\/justintimestaffing\/"]}]}},"acf":[],"_links":{"self":[{"href":"https:\/\/synergy-pros.com\/es\/wp-json\/wp\/v2\/pages\/1213","targetHints":{"allow":["GET"]}}],"collection":[{"href":"https:\/\/synergy-pros.com\/es\/wp-json\/wp\/v2\/pages"}],"about":[{"href":"https:\/\/synergy-pros.com\/es\/wp-json\/wp\/v2\/types\/page"}],"author":[{"embeddable":true,"href":"https:\/\/synergy-pros.com\/es\/wp-json\/wp\/v2\/users\/1"}],"replies":[{"embeddable":true,"href":"https:\/\/synergy-pros.com\/es\/wp-json\/wp\/v2\/comments?post=1213"}],"version-history":[{"count":4,"href":"https:\/\/synergy-pros.com\/es\/wp-json\/wp\/v2\/pages\/1213\/revisions"}],"predecessor-version":[{"id":1217,"href":"https:\/\/synergy-pros.com\/es\/wp-json\/wp\/v2\/pages\/1213\/revisions\/1217"}],"wp:attachment":[{"href":"https:\/\/synergy-pros.com\/es\/wp-json\/wp\/v2\/media?parent=1213"}],"curies":[{"name":"wp","href":"https:\/\/api.w.org\/{rel}","templated":true}]}}